{"id":2103,"date":"2024-04-17T09:40:41","date_gmt":"2024-04-17T09:40:41","guid":{"rendered":"http:\/\/blog.marosan.com\/?page_id=2103"},"modified":"2024-04-17T09:40:41","modified_gmt":"2024-04-17T09:40:41","slug":"segitseg-orvenyek-es-sziklak-kozott-bolyongoknak","status":"publish","type":"page","link":"http:\/\/blog.marosan.com\/?page_id=2103","title":{"rendered":"Seg\u00edts\u00e9g &#8211; \u00f6rv\u00e9nyek \u00e9s szikl\u00e1k k\u00f6z\u00f6tt bolyong\u00f3knak."},"content":{"rendered":"\n<p>Berend. Iv\u00e1n \u00faj k\u00f6nyve \u2013 \u00d6rv\u00e9nyek \u00e9s szikl\u00e1k k\u00f6z\u00f6tt \u2013 pontosan azt ny\u00fajtja, amit a c\u00edm \u00e1ltal jelzett helyzetben legink\u00e1bb keres\u00fcnk: a helyzet pontos bemutat\u00e1s\u00e1t \u00e9s a vesz\u00e9lyek el\u0151rejelz\u00e9s\u00e9t. (Berend T. Iv\u00e1n. 2024. \u00d6rv\u00e9nyek \u00e9s szikl\u00e1k k\u00f6z\u00f6tt. napvil\u00e1g kiad\u00f3.) B\u00e1r legt\u00f6bb\u00fcnk nem vadevez\u0151s, \u00edgy ritk\u00e1n esik meg, hogy \u00f6rv\u00e9nyek \u00e9s szikl\u00e1k k\u00f6z\u00f6tt kellett megtal\u00e1lnia a kivezet\u0151 utat, \u00e1m, \u00e9rezz\u00fck, napjainkban \u00e9ppen ilyen helyzetbe ker\u00fclt az emberis\u00e9g. El\u0151re jelezhetetlen v\u00e1ls\u00e1gok sorozata r\u00e1zza meg a bolyg\u00f3nkat, a sz\u00e9tes\u00e9s fenyegeti Eur\u00f3p\u00e1nkat \u00e9s \u00e1tl\u00e1thatatlan esem\u00e9nyek t\u00f6mege z\u00fadul haz\u00e1nkra. A d\u00f6nt\u00e9sek\u00e9rt felel\u0151s\u00f6k &#8211; a nagyhatalmak politikusai, a glob\u00e1lis v\u00e1llalatok vezet\u0151i \u00e9s a digit\u00e1lis m\u00e9dia megmond\u00f3emberei &#8211; csak egyetlen dologban \u00e9rtenek egyet: \u0151 az, ami megmondja a <em>tutit,<\/em> m\u00edg rajta k\u00edv\u00fcl mindenki m\u00e1s, t\u00e1j\u00e9kozatlan vagy hazudik. K\u00f6zben pedig m\u00e9g abban sem lehet\u00fcnk biztosak, hogy amit \u00e9ppen olvasunk, hallunk, l\u00e1tunk, val\u00f3s\u00e1g-e, vagy csak a szem\u00e9ly\u00fcnkre kre\u00e1lt \u00e1lvil\u00e1g, amivel egy el\u0151re kisz\u00e1m\u00edtott csapd\u00e1ba akarnak csalni. Ebben a helyzetben \u2013 nem t\u00falz\u00e1s &#8211; k\u00f6telez\u0151 olvasm\u00e1nyk\u00e9nt aj\u00e1nlhat\u00f3 az \u00edr\u00e1s: t\u00e9nyszer\u0171 \u00e9s objekt\u00edv, olvasm\u00e1nyos \u00e9s \u00e9rthet\u0151.<\/p>\n\n\n\n<p>A m\u0171 egy hossz\u00fa &#8211; ijeszt\u0151 \u00e9s kellemes, vesz\u00e9lyt jelent\u0151 \u00e9s rem\u00e9nyt k\u00edn\u00e1l\u00f3 \u00e9lm\u00e9nyekkel teli &#8211; \u00e9let tapasztalatainak \u00f6sszefoglal\u00e1sa. A szerz\u0151, r\u00e9szben az elm\u00falt \u00e9vekben megjelent cikkeib\u0151l v\u00e1logatta az \u00edr\u00e1sokat \u00e9s ezeket eg\u00e9sz\u00edtik ki nyughatatlan kutat\u00f3 munk\u00e1j\u00e1nak eredm\u00e9nyeivel. Pontos \u00e9s megb\u00edzhat\u00f3 k\u00e9pet fest arr\u00f3l, milyen er\u0151k form\u00e1lt\u00e1k vil\u00e1gunkat az elm\u00falt sz\u00e1zadokban \u00e9s ennek k\u00f6vetkezt\u00e9ben milyenek is vagyunk napjainkban. Az \u00edr\u00e1st olvasva nekem hirtelen bevillant Gauguin 1897-ben festett k\u00e9p\u00e9nek c\u00edme: \u201eHonnan j\u00f6v\u00fcnk? Kik vagyunk? Hov\u00e1 tartunk?\u201d Az akkorihoz hasonl\u00f3 &#8211; kaotikus, kezelhetetlen\u00fcl dinamikus, egyben sz\u00e9tes\u0151 &#8211; vil\u00e1g\u00e1ban \u00e9lve, a k\u00f6nyv olvas\u00f3ja k\u00e9pet kaphat arr\u00f3l, honnan is j\u00f6tt\u00fcnk, hova \u00e9rkezt\u00fcnk, vagyis kik vagyunk. Ugyanakkor &#8211; \u00e9s ezt a k\u00f6nyv \u00e9rt\u00e9k\u00e9nek tekintem &#8211; nem \u00edrja el\u0151 az olvas\u00f3nak, mit gondoljon \u00e9s mit v\u00e1lasszon. T\u00f6rt\u00e9nelmi \u201et\u00e9rk\u00e9pet\u201d k\u00edn\u00e1l, seg\u00edt eligazodni azon, de meghagyja a szabads\u00e1got, hogy az olvas\u00f3 maga v\u00e1laszthassa meg, milyen j\u00f6v\u0151 fel\u00e9 \u00e9s milyen \u00faton akar menni.<\/p>\n\n\n\n<p>Az olvas\u00f3t az is seg\u00edti, hogy a szerz\u0151 nem id\u0151beli sorrendben, hanem tematikusan csoportos\u00edtja ai \u00edr\u00e1sokat. A t\u00e9mak\u00f6r\u00f6k fel\u00f6lelik napjaink vil\u00e1g\u00e1nak meghat\u00e1roz\u00f3 t\u00e9rs\u00e9geit \u00e9s a sorsunkat meghat\u00e1roz\u00f3 alapk\u00e9rd\u00e9seket: felki\u00e1lt\u00f3jelek \u00e9s k\u00e9rd\u0151jelek, \u00e1lmok \u00e9s r\u00e9m\u00e1lmok, a t\u00e1voli \u00e9s a k\u00f6zvetlen m\u00falt, a vesz\u00e9lyek \u00e9s a v\u00e1laszok, a m\u0171v\u00e9szet \u00e9s a kult\u00fara. A vil\u00e1g, Eur\u00f3pa \u00e9s k\u00f6zvetlen szomsz\u00e9ds\u00e1gunk \u2013 p\u00e9ld\u00e1ul Ausztria \u00e9s Magyarorsz\u00e1g &#8211; t\u00f6rt\u00e9nelmi \u00fatj\u00e1t bemutatand\u00f3, a helyzetet pontosan t\u00fckr\u00f6z\u0151 sz\u00e1mokkal is jellemzi. \u00c1m soha nem esik t\u00falz\u00e1sba, s\u0151t eln\u00e9z\u00e9st k\u00e9r olvas\u00f3it\u00f3l, hogy &#8211; ha az elker\u00fclhetetlen &#8211; a \u201enem mindenki \u00e1ltal kedvelt sz\u00e1mokhoz kell folyamodnia.\u201d \u00c1m a figyelem megtart\u00e1sa \u00e9rdek\u00e9ben finom egyens\u00falyt alak\u00edt ki \u00e9s gyakran id\u00e9z fel &#8211; t\u00f6rt\u00e9nelmileg hiteles \u2013 anekdot\u00e1kat, amelyek n\u00e9ha t\u00f6bbet mondanak el egy korr\u00f3l, mint a hossz\u00fa elemz\u00e9sek. P\u00e9ld\u00e1ul: \u201e..amikor B\u00e1nffy Dezs\u0151 magyar minisztereln\u00f6k egy audenci\u00e1n t\u00f6rt-rossz n\u00e9mets\u00e9ggel besz\u00e9lt Ferenc J\u00f3zsefhez az k\u00f6zbesz\u00f3lt: Kedves B\u00e1nffy, besz\u00e9ljen magyarul \u2013 \u00e9s r\u00e1t\u00e9rtek a magyar nyelvre.\u201d<\/p>\n\n\n\n<p>A k\u00f6nyv nem k\u00edn\u00e1l el\u0151rejelz\u00e9st, de pontosan arr\u00f3l sz\u00f3l, ami a magyar olvas\u00f3t \u2013 de b\u00e1rkit a vil\u00e1gon &#8211; napjainkban a legink\u00e1bb \u00e9rdekli: mit hozhat a j\u00f6v\u0151? Erre a k\u00e9rd\u00e9sre v\u00e1laszt keresve a legfontosabb kiindul\u00f3pont: vajon valaki \u00e9ppen hol l\u00e1tja nemzet\u00e9t a t\u00f6rt\u00e9nelmi \u201emaratoni fut\u00e1s\u201d mez\u0151ny\u00e9ben? Az elemz\u00e9seket egys\u00e9gbe foglalja az a meggy\u0151z\u0151d\u00e9s: b\u00e1rhol is vagy a nemzetek t\u00f6rt\u00e9nelmi verseny\u00e9nek mez\u0151ny\u00e9ben, tudnod kell, nincsenek eleve sikerre \u00edt\u00e9lt t\u00e1rsadalmak \u00e9s a kudarc sem tart \u00f6r\u00f6kk\u00e9. \u00cdgy Eur\u00f3p\u00e1ban az elm\u00falt \u00e9vezredek sor\u00e1n rendre egyre \u00fajabb t\u00e9rs\u00e9gek ker\u00fcltek az \u201e\u00e9lbolyba\u201d, m\u00edg a sok\u00e1ig irigyelt \u00e9len halad\u00f3k visszacs\u00fasztak. \u00c1m, sem a katonai veres\u00e9gek, sem a gazdas\u00e1g f\u0151 ir\u00e1ny\u00e1nak elkanyarod\u00e1sa, s\u0151t m\u00e9g orsz\u00e1gr\u00e9szek elszak\u00edt\u00e1sa, sem \u00edt\u00e9l egyetlen t\u00e1rsadalmat sem \u00f6r\u00f6k buk\u00e1sra, viszont a vezet\u0151 poz\u00edci\u00f3 sem birtokolhat\u00f3 \u00f6r\u00f6kk\u00e9.<\/p>\n\n\n\n<p>Az \u00edr\u00e1sok olvasm\u00e1nyosan \u00e9s egyben meggy\u0151z\u0151en \u00e9rvelnek amellett, hogy a t\u00f6rt\u00e9nelmi sikert a kudarcb\u00f3l val\u00f3 tanul\u00e1s \u00e9s a v\u00e1ltoz\u00f3 felt\u00e9telekhez val\u00f3 illeszked\u00e9s teremti meg. Ez viszont a felvil\u00e1gosod\u00e1s logik\u00e1j\u00e1nak, a piacgazdas\u00e1g mechanizmusainak \u00e9s a demokr\u00e1cia int\u00e9zm\u00e9nyeinek &#8211; a t\u00f6rt\u00e9nelmi v\u00e1ltoz\u00e1sokat k\u00f6vet\u0151 \u2013 alkalmaz\u00e1s\u00e1t k\u00f6veteli meg. A gazdag \u00e1sv\u00e1nykincsek, a j\u00f3 f\u00f6ldrajzi elhelyezked\u00e9s, a t\u00f6rt\u00e9nelmi szerencse j\u00f3 kiindul\u00f3 helyzetet teremt, \u00e1m a tart\u00f3s felemelked\u00e9st az alkalmazkod\u00f3k\u00e9pess\u00e9g, ezt pedig jellegzetes int\u00e9zm\u00e9nyek \u2013 a tudom\u00e1ny, a kult\u00fara, az oktat\u00e1s \u00e9s a mindenki sz\u00e1m\u00e1ra lehet\u0151s\u00e9get biztos\u00edt\u00f3 versenyfelt\u00e9telek &#8211; teremtik meg. A k\u00f6nyv \u2013 sz\u00e1momra \u2013 leg\u00e9rdekesebb r\u00e9szei, amikor konkr\u00e9t p\u00e9ld\u00e1kon kereszt\u00fcl mutatja be: nincsenek szerencs\u00e9tlens\u00e9gre \u00edt\u00e9ltetett t\u00e1rsadalmak, \u00e9s az elbuk\u00e1s sem nem sz\u00fcks\u00e9gszer\u0171, sem nem v\u00e9gleges.<\/p>\n\n\n\n<p>Ami\u00f3ta 1922-ben Spengler meg\u00edrja \u201eA Nyugat alkonya\u201d c\u00edm\u0171 k\u00f6nyv\u00e9t sokan jelezt\u00e9k el\u0151re Eur\u00f3pa hanyatl\u00e1s\u00e1t, ugyanakkor &#8211; mint a szerz\u0151 meggy\u0151z\u0151en bizony\u00edtja &#8211; a <em>Nyugat<\/em>, a gazdas\u00e1gi fejletts\u00e9g, az innov\u00e1ci\u00f3s k\u00e9pess\u00e9g, az \u00e9letsz\u00ednvonal, a v\u00e1rhat\u00f3 \u00e9lettartam tekintet\u00e9ben tartja vezet\u0151 hely\u00e9t. Akik pedig felz\u00e1rk\u00f3ztak, \u00e9ppens\u00e9ggel a <em>Nyugat<\/em> \u00e1ltal kifejlesztett int\u00e9zm\u00e9nyeket m\u00e1solva \u00e9s alkalmazva eredtek \u2013 sikerrel \u2013 a nyom\u00e1ba. Tulajdonk\u00e9ppen ez a k\u00f6nyv legfontosabb \u00fczenete a mai magyar olvas\u00f3 sz\u00e1m\u00e1ra. A siker mint\u00e1j\u00e1t \u00e9ppen az a t\u00e1rsadalom mutatja \u2013 Finnorsz\u00e1g \u2013 amely, szegr\u0151l-v\u00e9gr\u0151l rokonunknak tekinthet\u0151 \u00e9s amely a mienk\u00e9hez nagyon hasonl\u00f3 probl\u00e9m\u00e1kkal k\u00fcszk\u00f6d\u00f6tt. Sok\u00e1ig Oroszorsz\u00e1g \u201egyarmata\u201d volt, vesztesen ker\u00fclt ki mindk\u00e9t vil\u00e1gh\u00e1bor\u00fab\u00f3l, jelent\u0151s ter\u00fcleteit elvesz\u00edtve &#8211; hozz\u00e1nk hasonl\u00f3an &#8211; megszenvedte a maga \u201eTrianonj\u00e1t\u201d \u00e9s ennek ellen\u00e9re a kor\u00e1bbi \u201ek\u00f6zepes fejletts\u00e9gi szintr\u0151l Eur\u00f3pa \u00f6t\u00f6dik leggazdagabb orsz\u00e1g\u00e1v\u00e1\u201d \u00e9s a vil\u00e1g egyik legboldogabb t\u00e1rsadalm\u00e1v\u00e1 emelkedett. Milyen k\u00fcl\u00f6n\u00f6s \u2013 merenghet el a magyar olvas\u00f3 &#8211; sikeres \u201erokonunk\u201d tapasztalataira nem vagyunk k\u00edv\u00e1ncsiak, \u00e9s m\u00e1s &#8211; kev\u00e9sb\u00e9 sikeres \u2013 nemzeteket nyilv\u00e1n\u00edtunk rokonnak. &nbsp;&nbsp;<\/p>\n\n\n\n<p>\u00c9rdekes \u00e9s minden gener\u00e1ci\u00f3 sz\u00e1m\u00e1ra elgondolkoztat\u00f3 r\u00e9szletet \u00e1rul el a k\u00f6nyv &#8211; \u201eA szerz\u0151 \u2013 a szerz\u0151r\u0151l\u201d c\u00edm\u0171 &#8211; z\u00e1r\u00f3fejezete, amely a 20. sz\u00e1zadon \u00e1t\u00edvel\u0151 \u00e9letp\u00e1lya jellegzetes r\u00e9szleteit villantja fel: \u201eLaktam \u00f6t\u00f6dmagammal egy szob\u00e1ban\u2026\u201d, \u201eAludtam egy k\u00e9tszem\u00e9lyes \u00e1gyban, l\u00e1bn\u00e1l hossz\u00e1ban harmadikk\u00e9nt\u201d, \u201e\u00d6sszevertek a kom\u00e1romi nyilas h\u00e1z pinc\u00e9j\u00e9ben.\u201d \u201eMagyarorsz\u00e1g k\u00e9t b\u00f6rt\u00f6n\u00e9ben is \u00fcltem mag\u00e1ncell\u00e1ban..\u201d \u201e\u00c1t\u00e9ltem \u00f6t rendszerv\u00e1lt\u00e1st.\u201d,\u201eK\u00e9t s\u00falyos sportbalesetet \u00e9ltem t\u00fal\u201d. Ezek az esem\u00e9nyek egy 20. sz\u00e1zadi magyar \u00e1tlagos \u00e9letp\u00e1ly\u00e1t k\u00eds\u00e9r\u0151 esem\u00e9nyek, amelyek lehet\u0151v\u00e9 teszik, hogy az olvas\u00f3 \u00f6sszevethesse saj\u00e1tj\u00e1\u00e9val. \u00cdgy v\u00e1lik k\u00f6zvetlen\u00fcl \u00e9rz\u00e9kelhet\u0151v\u00e9, milyen er\u0151k, milyen esem\u00e9nyek form\u00e1lt\u00e1k az egy\u00e9nek \u00e9s a k\u00f6z\u00f6ss\u00e9gek sors\u00e1t az elm\u00falt \u00e9vsz\u00e1zadban.<\/p>\n\n\n\n<p>A k\u00f6nyvismertet\u00e9sek t\u00f6bbnyire \u00e9rdemjeggyel szoktak z\u00e1r\u00f3dni, amivel a megismert \u00edr\u00e1st jellemzik. Objektivit\u00e1s\u00e1t \u00e9s olvasm\u00e1nyoss\u00e1g\u00e1t, a t\u00f6rt\u00e9nelem folyamatait meghat\u00e1roz\u00f3 trendek sz\u00e1mokkal kifejezett bemutat\u00e1s\u00e1t \u00e9s ugyanakkor ezeket megvil\u00e1g\u00edt\u00f3 anekdot\u00e1k harmonikus egybeilleszt\u00e9se alapj\u00e1n az \u201e\u00d6rv\u00e9nyek \u00e9s szikl\u00e1k\u201d c\u00edm\u0171 k\u00f6nyv \u2013 meg\u00edt\u00e9l\u00e9sem szerint &#8211; 5-\u00f6s (jeles) jegyet \u00e9rdemel. Kiv\u00e1l\u00f3 olvasm\u00e1ny \u00e9s aj\u00e1nd\u00e9k gimnazist\u00e1knak \u00e9s p\u00e1lyakezd\u0151knek, feln\u0151tteknek \u00e9s nagysz\u00fcl\u0151knek, bar\u00e1toknak \u00e9s vitapartnereknek. &nbsp;<\/p>\n","protected":false},"excerpt":{"rendered":"<p>Berend. Iv\u00e1n \u00faj k\u00f6nyve \u2013 \u00d6rv\u00e9nyek \u00e9s szikl\u00e1k k\u00f6z\u00f6tt \u2013 pontosan azt ny\u00fajtja, amit a c\u00edm \u00e1ltal jelzett helyzetben legink\u00e1bb keres\u00fcnk: a helyzet pontos bemutat\u00e1s\u00e1t \u00e9s a vesz\u00e9lyek el\u0151rejelz\u00e9s\u00e9t. (Berend T. Iv\u00e1n. 2024. \u00d6rv\u00e9nyek \u00e9s szikl\u00e1k k\u00f6z\u00f6tt. napvil\u00e1g kiad\u00f3.) B\u00e1r legt\u00f6bb\u00fcnk nem vadevez\u0151s, \u00edgy ritk\u00e1n esik meg, hogy \u00f6rv\u00e9nyek \u00e9s szikl\u00e1k k\u00f6z\u00f6tt kellett megtal\u00e1lnia a [&hellip;]<\/p>\n","protected":false},"author":1,"featured_media":0,"parent":0,"menu_order":0,"comment_status":"closed","ping_status":"closed","template":"","meta":{"footnotes":""},"_links":{"self":[{"href":"http:\/\/blog.marosan.com\/index.php?rest_route=\/wp\/v2\/pages\/2103"}],"collection":[{"href":"http:\/\/blog.marosan.com\/index.php?rest_route=\/wp\/v2\/pages"}],"about":[{"href":"http:\/\/blog.marosan.com\/index.php?rest_route=\/wp\/v2\/types\/page"}],"author":[{"embeddable":true,"href":"http:\/\/blog.marosan.com\/index.php?rest_route=\/wp\/v2\/users\/1"}],"replies":[{"embeddable":true,"href":"http:\/\/blog.marosan.com\/index.php?rest_route=%2Fwp%2Fv2%2Fcomments&post=2103"}],"version-history":[{"count":1,"href":"http:\/\/blog.marosan.com\/index.php?rest_route=\/wp\/v2\/pages\/2103\/revisions"}],"predecessor-version":[{"id":2104,"href":"http:\/\/blog.marosan.com\/index.php?rest_route=\/wp\/v2\/pages\/2103\/revisions\/2104"}],"wp:attachment":[{"href":"http:\/\/blog.marosan.com\/index.php?rest_route=%2Fwp%2Fv2%2Fmedia&parent=2103"}],"curies":[{"name":"wp","href":"https:\/\/api.w.org\/{rel}","templated":true}]}}